{"id":1217,"date":"2023-10-08T16:38:53","date_gmt":"2023-10-08T16:38:53","guid":{"rendered":"http:\/\/copav.it\/site\/page\/"},"modified":"2024-06-03T13:31:04","modified_gmt":"2024-06-03T13:31:04","slug":"container-2","status":"publish","type":"page","link":"https:\/\/copav.it\/site\/container-2\/","title":{"rendered":"CONTAINER"},"content":{"rendered":"<p><img loading=\"lazy\" decoding=\"async\" class=\"wp-image-1282 alignleft\" src=\"http:\/\/copav.it\/site\/wp-content\/uploads\/2023\/12\/104051198-e1705957974307-150x150.jpg\" alt=\"\" width=\"393\" height=\"393\" srcset=\"https:\/\/copav.it\/site\/wp-content\/uploads\/2023\/12\/104051198-e1705957974307-150x150.jpg 150w, https:\/\/copav.it\/site\/wp-content\/uploads\/2023\/12\/104051198-e1705957974307-300x300.jpg 300w, https:\/\/copav.it\/site\/wp-content\/uploads\/2023\/12\/104051198-e1705957974307-1024x1024.jpg 1024w, https:\/\/copav.it\/site\/wp-content\/uploads\/2023\/12\/104051198-e1705957974307-768x768.jpg 768w, https:\/\/copav.it\/site\/wp-content\/uploads\/2023\/12\/104051198-e1705957974307-600x600.jpg 600w, https:\/\/copav.it\/site\/wp-content\/uploads\/2023\/12\/104051198-e1705957974307-100x100.jpg 100w, https:\/\/copav.it\/site\/wp-content\/uploads\/2023\/12\/104051198-e1705957974307.jpg 1192w\" sizes=\"(max-width: 393px) 100vw, 393px\" \/><\/p>\n<p><strong>La versatilit\u00e0 della nostra flotta: soluzioni di trasporto su misura<\/strong><\/p>\n<p>Grazie alla nostra flotta ampia e all&#8217;avanguardia, COP.A.V. scrl \u00e8 in grado di gestire con professionalit\u00e0 il trasporto di qualsiasi tipo di container, offrendo massima efficienza, sicurezza e flessibilit\u00e0. La chiave di questa versatilit\u00e0 risiede nell&#8217;utilizzo di semirimorchi modulari, che ci consentono di adattare le configurazioni alle esigenze specifiche di ogni cliente.<\/p>\n<p>Oltre ai semirimorchi modulari, disponiamo di una vasta gamma di veicoli per soddisfare qualsiasi esigenza di trasporto:<\/p>\n<ul>\n<li><strong>Semirimorchi pianalati<\/strong>: Perfetti per merci voluminose o fuori misura.<\/li>\n<li><strong>Semirimorchi scheletrati<\/strong>: Ideali per container di diverse lunghezze.<\/li>\n<\/ul>\n<p><strong>Diverse tipologie di container<\/strong><\/p>\n<p>Gestiamo il trasporto di una vasta gamma di container, tra cui:<\/p>\n<ul>\n<li><strong>Box<\/strong>: Container standard per merci generiche.<\/li>\n<li><strong>Open top<\/strong>: Per merci voluminose o fuori misura.<\/li>\n<li><strong>High cube<\/strong>: Con altezza maggiore per merci voluminose.<\/li>\n<li><strong>Flat rack<\/strong>: Senza pareti laterali per macchinari e merci voluminose.<\/li>\n<li><strong>Tank<\/strong>: Per liquidi.<\/li>\n<li><strong>Casse mobili<\/strong>: Isotermici o refrigerati per merci sensibili alla temperatura.<\/li>\n<li><strong>Silo<\/strong>: Per prodotti sfusi.<\/li>\n<li><strong>Bulk<\/strong>: Per merci secche sfuse.<\/li>\n<li><strong>Container speciali<\/strong>: ADR per merci pericolose, merci a temperature controllate e per il trasporto di opere d&#8217;arte.<\/li>\n<\/ul>\n<p>Con la nostra flotta versatile e completa, garantiamo soluzioni di trasporto su misura per qualsiasi esigenza.<\/p>\n","protected":false},"excerpt":{"rendered":"<p>La versatilit\u00e0 della nostra flotta: soluzioni di trasporto su misura Grazie alla nostra flotta ampia e all&#8217;avanguardia, COP.A.V. scrl \u00e8 in grado di gestire con professionalit\u00e0 il trasporto di qualsiasi tipo di container, offrendo massima efficienza, sicurezza e flessibilit\u00e0. La chiave di questa versatilit\u00e0 risiede nell&#8217;utilizzo di semirimorchi modulari, che ci consentono di adattare le [&hellip;]<\/p>\n","protected":false},"author":1,"featured_media":0,"parent":0,"menu_order":0,"comment_status":"closed","ping_status":"closed","template":"full-width.php","meta":{"footnotes":""},"_links":{"self":[{"href":"https:\/\/copav.it\/site\/wp-json\/wp\/v2\/pages\/1217"}],"collection":[{"href":"https:\/\/copav.it\/site\/wp-json\/wp\/v2\/pages"}],"about":[{"href":"https:\/\/copav.it\/site\/wp-json\/wp\/v2\/types\/page"}],"author":[{"embeddable":true,"href":"https:\/\/copav.it\/site\/wp-json\/wp\/v2\/users\/1"}],"replies":[{"embeddable":true,"href":"https:\/\/copav.it\/site\/wp-json\/wp\/v2\/comments?post=1217"}],"version-history":[{"count":7,"href":"https:\/\/copav.it\/site\/wp-json\/wp\/v2\/pages\/1217\/revisions"}],"predecessor-version":[{"id":1777,"href":"https:\/\/copav.it\/site\/wp-json\/wp\/v2\/pages\/1217\/revisions\/1777"}],"wp:attachment":[{"href":"https:\/\/copav.it\/site\/wp-json\/wp\/v2\/media?parent=1217"}],"curies":[{"name":"wp","href":"https:\/\/api.w.org\/{rel}","templated":true}]}}